{"id":3095,"date":"2024-09-11T20:17:33","date_gmt":"2024-09-11T16:17:33","guid":{"rendered":"https:\/\/mav.ukvisa.co.uk\/uk-eta\/"},"modified":"2024-12-05T22:33:00","modified_gmt":"2024-12-05T18:33:00","slug":"uk-eta","status":"publish","type":"page","link":"https:\/\/eta-uk.uk\/pt\/","title":{"rendered":"UK ETA"},"content":{"rendered":"","protected":false},"excerpt":{"rendered":"","protected":false},"author":2,"featured_media":0,"parent":0,"menu_order":0,"comment_status":"closed","ping_status":"closed","template":"template-application.php","meta":{"_acf_changed":false,"inline_featured_image":false,"footnotes":""},"class_list":["post-3095","page","type-page","status-publish","hentry"],"acf":[],"yoast_head":"<!-- This site is optimized with the Yoast SEO Premium plugin v24.0 (Yoast SEO v24.0) - https:\/\/yoast.com\/wordpress\/plugins\/seo\/ -->\n<title>Autoriza\u00e7\u00e3o Eletr\u00f4nica de Viagem (ETA) para o Reino Unido: Guia de aplica\u00e7\u00e3o e Taxas<\/title>\n<meta name=\"description\" content=\"Saiba como a Autoriza\u00e7\u00e3o Eletr\u00f4nica de Viagem (ETA) do Reino Unido simplifica sua viagem ao Reino Unido. Saiba mais sobre elegibilidade, taxas e o processo de aplica\u00e7\u00e3o online.\" \/>\n<meta name=\"robots\" content=\"noindex, follow, max-snippet:-1, max-image-preview:large, max-video-preview:-1\" \/>\n<meta property=\"og:locale\" content=\"pt_PT\" \/>\n<meta property=\"og:type\" content=\"article\" \/>\n<meta property=\"og:title\" content=\"Autoriza\u00e7\u00e3o Eletr\u00f4nica de Viagem (ETA) para o Reino Unido: Guia de aplica\u00e7\u00e3o e Taxas\" \/>\n<meta property=\"og:description\" content=\"Saiba como a Autoriza\u00e7\u00e3o Eletr\u00f4nica de Viagem (ETA) do Reino Unido simplifica sua viagem ao Reino Unido. Saiba mais sobre elegibilidade, taxas e o processo de aplica\u00e7\u00e3o online.\" \/>\n<meta property=\"og:url\" content=\"https:\/\/eta-uk.uk\/pt\/\" \/>\n<meta property=\"og:site_name\" content=\"ETA-UK.uk\" \/>\n<meta property=\"article:modified_time\" content=\"2024-12-05T18:33:00+00:00\" \/>\n<meta name=\"twitter:card\" content=\"summary_large_image\" \/>\n<meta name=\"twitter:title\" content=\"UK ETA\" \/>\n<script type=\"application\/ld+json\" class=\"yoast-schema-graph\">{\"@context\":\"https:\/\/schema.org\",\"@graph\":[{\"@type\":\"WebPage\",\"@id\":\"https:\/\/eta-uk.uk\/pt\/\",\"url\":\"https:\/\/eta-uk.uk\/pt\/\",\"name\":\"Autoriza\u00e7\u00e3o Eletr\u00f4nica de Viagem (ETA) para o Reino Unido: Guia de aplica\u00e7\u00e3o e Taxas\",\"isPartOf\":{\"@id\":\"https:\/\/eta-uk.uk\/pt\/#website\"},\"datePublished\":\"2024-09-11T16:17:33+00:00\",\"dateModified\":\"2024-12-05T18:33:00+00:00\",\"description\":\"Saiba como a Autoriza\u00e7\u00e3o Eletr\u00f4nica de Viagem (ETA) do Reino Unido simplifica sua viagem ao Reino Unido. Saiba mais sobre elegibilidade, taxas e o processo de aplica\u00e7\u00e3o online.\",\"breadcrumb\":{\"@id\":\"https:\/\/eta-uk.uk\/pt\/#breadcrumb\"},\"inLanguage\":\"pt\",\"potentialAction\":[{\"@type\":\"ReadAction\",\"target\":[\"https:\/\/eta-uk.uk\/pt\/\"]}]},{\"@type\":\"BreadcrumbList\",\"@id\":\"https:\/\/eta-uk.uk\/pt\/#breadcrumb\",\"itemListElement\":[{\"@type\":\"ListItem\",\"position\":1,\"name\":\"Home\",\"item\":\"https:\/\/eta-uk.uk\/pt\/uk-eta\/\"},{\"@type\":\"ListItem\",\"position\":2,\"name\":\"UK ETA\"}]},{\"@type\":\"WebSite\",\"@id\":\"https:\/\/eta-uk.uk\/pt\/#website\",\"url\":\"https:\/\/eta-uk.uk\/pt\/\",\"name\":\"ETA-UK.uk\",\"description\":\"\",\"potentialAction\":[{\"@type\":\"SearchAction\",\"target\":{\"@type\":\"EntryPoint\",\"urlTemplate\":\"https:\/\/eta-uk.uk\/pt\/?s={search_term_string}\"},\"query-input\":{\"@type\":\"PropertyValueSpecification\",\"valueRequired\":true,\"valueName\":\"search_term_string\"}}],\"inLanguage\":\"pt\"}]}<\/script>\n<!-- \/ Yoast SEO Premium plugin. -->","yoast_head_json":{"title":"Autoriza\u00e7\u00e3o Eletr\u00f4nica de Viagem (ETA) para o Reino Unido: Guia de aplica\u00e7\u00e3o e Taxas","description":"Saiba como a Autoriza\u00e7\u00e3o Eletr\u00f4nica de Viagem (ETA) do Reino Unido simplifica sua viagem ao Reino Unido. Saiba mais sobre elegibilidade, taxas e o processo de aplica\u00e7\u00e3o online.","robots":{"index":"noindex","follow":"follow","max-snippet":"max-snippet:-1","max-image-preview":"max-image-preview:large","max-video-preview":"max-video-preview:-1"},"og_locale":"pt_PT","og_type":"article","og_title":"Autoriza\u00e7\u00e3o Eletr\u00f4nica de Viagem (ETA) para o Reino Unido: Guia de aplica\u00e7\u00e3o e Taxas","og_description":"Saiba como a Autoriza\u00e7\u00e3o Eletr\u00f4nica de Viagem (ETA) do Reino Unido simplifica sua viagem ao Reino Unido. Saiba mais sobre elegibilidade, taxas e o processo de aplica\u00e7\u00e3o online.","og_url":"https:\/\/eta-uk.uk\/pt\/","og_site_name":"ETA-UK.uk","article_modified_time":"2024-12-05T18:33:00+00:00","twitter_card":"summary_large_image","twitter_title":"UK ETA","schema":{"@context":"https:\/\/schema.org","@graph":[{"@type":"WebPage","@id":"https:\/\/eta-uk.uk\/pt\/","url":"https:\/\/eta-uk.uk\/pt\/","name":"Autoriza\u00e7\u00e3o Eletr\u00f4nica de Viagem (ETA) para o Reino Unido: Guia de aplica\u00e7\u00e3o e Taxas","isPartOf":{"@id":"https:\/\/eta-uk.uk\/pt\/#website"},"datePublished":"2024-09-11T16:17:33+00:00","dateModified":"2024-12-05T18:33:00+00:00","description":"Saiba como a Autoriza\u00e7\u00e3o Eletr\u00f4nica de Viagem (ETA) do Reino Unido simplifica sua viagem ao Reino Unido. Saiba mais sobre elegibilidade, taxas e o processo de aplica\u00e7\u00e3o online.","breadcrumb":{"@id":"https:\/\/eta-uk.uk\/pt\/#breadcrumb"},"inLanguage":"pt","potentialAction":[{"@type":"ReadAction","target":["https:\/\/eta-uk.uk\/pt\/"]}]},{"@type":"BreadcrumbList","@id":"https:\/\/eta-uk.uk\/pt\/#breadcrumb","itemListElement":[{"@type":"ListItem","position":1,"name":"Home","item":"https:\/\/eta-uk.uk\/pt\/uk-eta\/"},{"@type":"ListItem","position":2,"name":"UK ETA"}]},{"@type":"WebSite","@id":"https:\/\/eta-uk.uk\/pt\/#website","url":"https:\/\/eta-uk.uk\/pt\/","name":"ETA-UK.uk","description":"","potentialAction":[{"@type":"SearchAction","target":{"@type":"EntryPoint","urlTemplate":"https:\/\/eta-uk.uk\/pt\/?s={search_term_string}"},"query-input":{"@type":"PropertyValueSpecification","valueRequired":true,"valueName":"search_term_string"}}],"inLanguage":"pt"}]}},"_links":{"self":[{"href":"https:\/\/eta-uk.uk\/pt\/wp-json\/wp\/v2\/pages\/3095","targetHints":{"allow":["GET"]}}],"collection":[{"href":"https:\/\/eta-uk.uk\/pt\/wp-json\/wp\/v2\/pages"}],"about":[{"href":"https:\/\/eta-uk.uk\/pt\/wp-json\/wp\/v2\/types\/page"}],"author":[{"embeddable":true,"href":"https:\/\/eta-uk.uk\/pt\/wp-json\/wp\/v2\/users\/2"}],"replies":[{"embeddable":true,"href":"https:\/\/eta-uk.uk\/pt\/wp-json\/wp\/v2\/comments?post=3095"}],"version-history":[{"count":4,"href":"https:\/\/eta-uk.uk\/pt\/wp-json\/wp\/v2\/pages\/3095\/revisions"}],"predecessor-version":[{"id":3275,"href":"https:\/\/eta-uk.uk\/pt\/wp-json\/wp\/v2\/pages\/3095\/revisions\/3275"}],"wp:attachment":[{"href":"https:\/\/eta-uk.uk\/pt\/wp-json\/wp\/v2\/media?parent=3095"}],"curies":[{"name":"wp","href":"https:\/\/api.w.org\/{rel}","templated":true}]}}