{"id":3059,"date":"2024-09-11T20:17:33","date_gmt":"2024-09-11T16:17:33","guid":{"rendered":"https:\/\/mav.ukvisa.co.uk\/uk-eta\/"},"modified":"2024-12-05T22:07:06","modified_gmt":"2024-12-05T18:07:06","slug":"uk-eta","status":"publish","type":"page","link":"https:\/\/eta-uk.uk\/pl\/","title":{"rendered":"UK ETA"},"content":{"rendered":"","protected":false},"excerpt":{"rendered":"","protected":false},"author":2,"featured_media":0,"parent":0,"menu_order":0,"comment_status":"closed","ping_status":"closed","template":"template-application.php","meta":{"_acf_changed":false,"inline_featured_image":false,"footnotes":""},"class_list":["post-3059","page","type-page","status-publish","hentry"],"acf":[],"yoast_head":"<!-- This site is optimized with the Yoast SEO Premium plugin v24.0 (Yoast SEO v24.0) - https:\/\/yoast.com\/wordpress\/plugins\/seo\/ -->\n<title>Elektroniczna Autoryzacja Podr\u00f3\u017cy Wielkiej Brytanii (ETA): Przewodnik po aplikacji i op\u0142aty<\/title>\n<meta name=\"description\" content=\"Dowiedz si\u0119, jak Elektroniczna Autoryzacja Podr\u00f3\u017cy Wielkiej Brytanii (ETA) upraszcza Twoj\u0105 podr\u00f3\u017c do Wielkiej Brytanii. Dowiedz si\u0119 o kwalifikowalno\u015bci, op\u0142atach i procesie aplikacji online.\" \/>\n<meta name=\"robots\" content=\"noindex, follow, max-snippet:-1, max-image-preview:large, max-video-preview:-1\" \/>\n<meta property=\"og:locale\" content=\"pl_PL\" \/>\n<meta property=\"og:type\" content=\"article\" \/>\n<meta property=\"og:title\" content=\"Elektroniczna Autoryzacja Podr\u00f3\u017cy Wielkiej Brytanii (ETA): Przewodnik po aplikacji i op\u0142aty\" \/>\n<meta property=\"og:description\" content=\"Dowiedz si\u0119, jak Elektroniczna Autoryzacja Podr\u00f3\u017cy Wielkiej Brytanii (ETA) upraszcza Twoj\u0105 podr\u00f3\u017c do Wielkiej Brytanii. Dowiedz si\u0119 o kwalifikowalno\u015bci, op\u0142atach i procesie aplikacji online.\" \/>\n<meta property=\"og:url\" content=\"https:\/\/eta-uk.uk\/pl\/\" \/>\n<meta property=\"og:site_name\" content=\"ETA-UK.uk\" \/>\n<meta property=\"article:modified_time\" content=\"2024-12-05T18:07:06+00:00\" \/>\n<meta name=\"twitter:card\" content=\"summary_large_image\" \/>\n<meta name=\"twitter:title\" content=\"UK ETA\" \/>\n<script type=\"application\/ld+json\" class=\"yoast-schema-graph\">{\"@context\":\"https:\/\/schema.org\",\"@graph\":[{\"@type\":\"WebPage\",\"@id\":\"https:\/\/eta-uk.uk\/pl\/\",\"url\":\"https:\/\/eta-uk.uk\/pl\/\",\"name\":\"Elektroniczna Autoryzacja Podr\u00f3\u017cy Wielkiej Brytanii (ETA): Przewodnik po aplikacji i op\u0142aty\",\"isPartOf\":{\"@id\":\"https:\/\/eta-uk.uk\/pl\/#website\"},\"datePublished\":\"2024-09-11T16:17:33+00:00\",\"dateModified\":\"2024-12-05T18:07:06+00:00\",\"description\":\"Dowiedz si\u0119, jak Elektroniczna Autoryzacja Podr\u00f3\u017cy Wielkiej Brytanii (ETA) upraszcza Twoj\u0105 podr\u00f3\u017c do Wielkiej Brytanii. Dowiedz si\u0119 o kwalifikowalno\u015bci, op\u0142atach i procesie aplikacji online.\",\"breadcrumb\":{\"@id\":\"https:\/\/eta-uk.uk\/pl\/#breadcrumb\"},\"inLanguage\":\"pl-PL\",\"potentialAction\":[{\"@type\":\"ReadAction\",\"target\":[\"https:\/\/eta-uk.uk\/pl\/\"]}]},{\"@type\":\"BreadcrumbList\",\"@id\":\"https:\/\/eta-uk.uk\/pl\/#breadcrumb\",\"itemListElement\":[{\"@type\":\"ListItem\",\"position\":1,\"name\":\"Home\",\"item\":\"https:\/\/eta-uk.uk\/pl\/uk-eta\/\"},{\"@type\":\"ListItem\",\"position\":2,\"name\":\"UK ETA\"}]},{\"@type\":\"WebSite\",\"@id\":\"https:\/\/eta-uk.uk\/pl\/#website\",\"url\":\"https:\/\/eta-uk.uk\/pl\/\",\"name\":\"ETA-UK.uk\",\"description\":\"\",\"potentialAction\":[{\"@type\":\"SearchAction\",\"target\":{\"@type\":\"EntryPoint\",\"urlTemplate\":\"https:\/\/eta-uk.uk\/pl\/?s={search_term_string}\"},\"query-input\":{\"@type\":\"PropertyValueSpecification\",\"valueRequired\":true,\"valueName\":\"search_term_string\"}}],\"inLanguage\":\"pl-PL\"}]}<\/script>\n<!-- \/ Yoast SEO Premium plugin. -->","yoast_head_json":{"title":"Elektroniczna Autoryzacja Podr\u00f3\u017cy Wielkiej Brytanii (ETA): Przewodnik po aplikacji i op\u0142aty","description":"Dowiedz si\u0119, jak Elektroniczna Autoryzacja Podr\u00f3\u017cy Wielkiej Brytanii (ETA) upraszcza Twoj\u0105 podr\u00f3\u017c do Wielkiej Brytanii. Dowiedz si\u0119 o kwalifikowalno\u015bci, op\u0142atach i procesie aplikacji online.","robots":{"index":"noindex","follow":"follow","max-snippet":"max-snippet:-1","max-image-preview":"max-image-preview:large","max-video-preview":"max-video-preview:-1"},"og_locale":"pl_PL","og_type":"article","og_title":"Elektroniczna Autoryzacja Podr\u00f3\u017cy Wielkiej Brytanii (ETA): Przewodnik po aplikacji i op\u0142aty","og_description":"Dowiedz si\u0119, jak Elektroniczna Autoryzacja Podr\u00f3\u017cy Wielkiej Brytanii (ETA) upraszcza Twoj\u0105 podr\u00f3\u017c do Wielkiej Brytanii. Dowiedz si\u0119 o kwalifikowalno\u015bci, op\u0142atach i procesie aplikacji online.","og_url":"https:\/\/eta-uk.uk\/pl\/","og_site_name":"ETA-UK.uk","article_modified_time":"2024-12-05T18:07:06+00:00","twitter_card":"summary_large_image","twitter_title":"UK ETA","schema":{"@context":"https:\/\/schema.org","@graph":[{"@type":"WebPage","@id":"https:\/\/eta-uk.uk\/pl\/","url":"https:\/\/eta-uk.uk\/pl\/","name":"Elektroniczna Autoryzacja Podr\u00f3\u017cy Wielkiej Brytanii (ETA): Przewodnik po aplikacji i op\u0142aty","isPartOf":{"@id":"https:\/\/eta-uk.uk\/pl\/#website"},"datePublished":"2024-09-11T16:17:33+00:00","dateModified":"2024-12-05T18:07:06+00:00","description":"Dowiedz si\u0119, jak Elektroniczna Autoryzacja Podr\u00f3\u017cy Wielkiej Brytanii (ETA) upraszcza Twoj\u0105 podr\u00f3\u017c do Wielkiej Brytanii. Dowiedz si\u0119 o kwalifikowalno\u015bci, op\u0142atach i procesie aplikacji online.","breadcrumb":{"@id":"https:\/\/eta-uk.uk\/pl\/#breadcrumb"},"inLanguage":"pl-PL","potentialAction":[{"@type":"ReadAction","target":["https:\/\/eta-uk.uk\/pl\/"]}]},{"@type":"BreadcrumbList","@id":"https:\/\/eta-uk.uk\/pl\/#breadcrumb","itemListElement":[{"@type":"ListItem","position":1,"name":"Home","item":"https:\/\/eta-uk.uk\/pl\/uk-eta\/"},{"@type":"ListItem","position":2,"name":"UK ETA"}]},{"@type":"WebSite","@id":"https:\/\/eta-uk.uk\/pl\/#website","url":"https:\/\/eta-uk.uk\/pl\/","name":"ETA-UK.uk","description":"","potentialAction":[{"@type":"SearchAction","target":{"@type":"EntryPoint","urlTemplate":"https:\/\/eta-uk.uk\/pl\/?s={search_term_string}"},"query-input":{"@type":"PropertyValueSpecification","valueRequired":true,"valueName":"search_term_string"}}],"inLanguage":"pl-PL"}]}},"_links":{"self":[{"href":"https:\/\/eta-uk.uk\/pl\/wp-json\/wp\/v2\/pages\/3059","targetHints":{"allow":["GET"]}}],"collection":[{"href":"https:\/\/eta-uk.uk\/pl\/wp-json\/wp\/v2\/pages"}],"about":[{"href":"https:\/\/eta-uk.uk\/pl\/wp-json\/wp\/v2\/types\/page"}],"author":[{"embeddable":true,"href":"https:\/\/eta-uk.uk\/pl\/wp-json\/wp\/v2\/users\/2"}],"replies":[{"embeddable":true,"href":"https:\/\/eta-uk.uk\/pl\/wp-json\/wp\/v2\/comments?post=3059"}],"version-history":[{"count":5,"href":"https:\/\/eta-uk.uk\/pl\/wp-json\/wp\/v2\/pages\/3059\/revisions"}],"predecessor-version":[{"id":3250,"href":"https:\/\/eta-uk.uk\/pl\/wp-json\/wp\/v2\/pages\/3059\/revisions\/3250"}],"wp:attachment":[{"href":"https:\/\/eta-uk.uk\/pl\/wp-json\/wp\/v2\/media?parent=3059"}],"curies":[{"name":"wp","href":"https:\/\/api.w.org\/{rel}","templated":true}]}}