{"id":2997,"date":"2024-09-11T20:17:33","date_gmt":"2024-09-11T16:17:33","guid":{"rendered":"https:\/\/mav.ukvisa.co.uk\/uk-eta\/"},"modified":"2024-12-05T21:39:28","modified_gmt":"2024-12-05T17:39:28","slug":"uk-eta","status":"publish","type":"page","link":"https:\/\/eta-uk.uk\/de\/","title":{"rendered":"UK ETA"},"content":{"rendered":"","protected":false},"excerpt":{"rendered":"","protected":false},"author":2,"featured_media":0,"parent":0,"menu_order":0,"comment_status":"closed","ping_status":"closed","template":"template-application.php","meta":{"_acf_changed":false,"inline_featured_image":false,"footnotes":""},"class_list":["post-2997","page","type-page","status-publish","hentry"],"acf":[],"yoast_head":"<!-- This site is optimized with the Yoast SEO Premium plugin v24.0 (Yoast SEO v24.0) - https:\/\/yoast.com\/wordpress\/plugins\/seo\/ -->\n<title>UK Elektronische Reisegenehmigung (ETA): Leitfaden zur Antragstellung und Geb\u00fchren<\/title>\n<meta name=\"description\" content=\"Erfahren Sie, wie die UK Elektronische Reisegenehmigung (ETA) Ihre Reise ins Vereinigte K\u00f6nigreich vereinfacht. Informieren Sie sich \u00fcber die Voraussetzungen, die Geb\u00fchren und den Ablauf der Online-Antragstellung.\" \/>\n<meta name=\"robots\" content=\"noindex, follow, max-snippet:-1, max-image-preview:large, max-video-preview:-1\" \/>\n<meta property=\"og:locale\" content=\"de_DE\" \/>\n<meta property=\"og:type\" content=\"article\" \/>\n<meta property=\"og:title\" content=\"UK Elektronische Reisegenehmigung (ETA): Leitfaden zur Antragstellung und Geb\u00fchren\" \/>\n<meta property=\"og:description\" content=\"Erfahren Sie, wie die UK Elektronische Reisegenehmigung (ETA) Ihre Reise ins Vereinigte K\u00f6nigreich vereinfacht. Informieren Sie sich \u00fcber die Voraussetzungen, die Geb\u00fchren und den Ablauf der Online-Antragstellung.\" \/>\n<meta property=\"og:url\" content=\"https:\/\/eta-uk.uk\/de\/\" \/>\n<meta property=\"og:site_name\" content=\"ETA-UK.uk\" \/>\n<meta property=\"article:modified_time\" content=\"2024-12-05T17:39:28+00:00\" \/>\n<meta name=\"twitter:card\" content=\"summary_large_image\" \/>\n<meta name=\"twitter:title\" content=\"UK ETA\" \/>\n<script type=\"application\/ld+json\" class=\"yoast-schema-graph\">{\"@context\":\"https:\/\/schema.org\",\"@graph\":[{\"@type\":\"WebPage\",\"@id\":\"https:\/\/eta-uk.uk\/de\/\",\"url\":\"https:\/\/eta-uk.uk\/de\/\",\"name\":\"UK Elektronische Reisegenehmigung (ETA): Leitfaden zur Antragstellung und Geb\u00fchren\",\"isPartOf\":{\"@id\":\"https:\/\/eta-uk.uk\/de\/#website\"},\"datePublished\":\"2024-09-11T16:17:33+00:00\",\"dateModified\":\"2024-12-05T17:39:28+00:00\",\"description\":\"Erfahren Sie, wie die UK Elektronische Reisegenehmigung (ETA) Ihre Reise ins Vereinigte K\u00f6nigreich vereinfacht. Informieren Sie sich \u00fcber die Voraussetzungen, die Geb\u00fchren und den Ablauf der Online-Antragstellung.\",\"breadcrumb\":{\"@id\":\"https:\/\/eta-uk.uk\/de\/#breadcrumb\"},\"inLanguage\":\"de\",\"potentialAction\":[{\"@type\":\"ReadAction\",\"target\":[\"https:\/\/eta-uk.uk\/de\/\"]}]},{\"@type\":\"BreadcrumbList\",\"@id\":\"https:\/\/eta-uk.uk\/de\/#breadcrumb\",\"itemListElement\":[{\"@type\":\"ListItem\",\"position\":1,\"name\":\"Home\",\"item\":\"https:\/\/eta-uk.uk\/de\/uk-eta\/\"},{\"@type\":\"ListItem\",\"position\":2,\"name\":\"UK ETA\"}]},{\"@type\":\"WebSite\",\"@id\":\"https:\/\/eta-uk.uk\/de\/#website\",\"url\":\"https:\/\/eta-uk.uk\/de\/\",\"name\":\"ETA-UK.uk\",\"description\":\"\",\"potentialAction\":[{\"@type\":\"SearchAction\",\"target\":{\"@type\":\"EntryPoint\",\"urlTemplate\":\"https:\/\/eta-uk.uk\/de\/?s={search_term_string}\"},\"query-input\":{\"@type\":\"PropertyValueSpecification\",\"valueRequired\":true,\"valueName\":\"search_term_string\"}}],\"inLanguage\":\"de\"}]}<\/script>\n<!-- \/ Yoast SEO Premium plugin. -->","yoast_head_json":{"title":"UK Elektronische Reisegenehmigung (ETA): Leitfaden zur Antragstellung und Geb\u00fchren","description":"Erfahren Sie, wie die UK Elektronische Reisegenehmigung (ETA) Ihre Reise ins Vereinigte K\u00f6nigreich vereinfacht. Informieren Sie sich \u00fcber die Voraussetzungen, die Geb\u00fchren und den Ablauf der Online-Antragstellung.","robots":{"index":"noindex","follow":"follow","max-snippet":"max-snippet:-1","max-image-preview":"max-image-preview:large","max-video-preview":"max-video-preview:-1"},"og_locale":"de_DE","og_type":"article","og_title":"UK Elektronische Reisegenehmigung (ETA): Leitfaden zur Antragstellung und Geb\u00fchren","og_description":"Erfahren Sie, wie die UK Elektronische Reisegenehmigung (ETA) Ihre Reise ins Vereinigte K\u00f6nigreich vereinfacht. Informieren Sie sich \u00fcber die Voraussetzungen, die Geb\u00fchren und den Ablauf der Online-Antragstellung.","og_url":"https:\/\/eta-uk.uk\/de\/","og_site_name":"ETA-UK.uk","article_modified_time":"2024-12-05T17:39:28+00:00","twitter_card":"summary_large_image","twitter_title":"UK ETA","schema":{"@context":"https:\/\/schema.org","@graph":[{"@type":"WebPage","@id":"https:\/\/eta-uk.uk\/de\/","url":"https:\/\/eta-uk.uk\/de\/","name":"UK Elektronische Reisegenehmigung (ETA): Leitfaden zur Antragstellung und Geb\u00fchren","isPartOf":{"@id":"https:\/\/eta-uk.uk\/de\/#website"},"datePublished":"2024-09-11T16:17:33+00:00","dateModified":"2024-12-05T17:39:28+00:00","description":"Erfahren Sie, wie die UK Elektronische Reisegenehmigung (ETA) Ihre Reise ins Vereinigte K\u00f6nigreich vereinfacht. Informieren Sie sich \u00fcber die Voraussetzungen, die Geb\u00fchren und den Ablauf der Online-Antragstellung.","breadcrumb":{"@id":"https:\/\/eta-uk.uk\/de\/#breadcrumb"},"inLanguage":"de","potentialAction":[{"@type":"ReadAction","target":["https:\/\/eta-uk.uk\/de\/"]}]},{"@type":"BreadcrumbList","@id":"https:\/\/eta-uk.uk\/de\/#breadcrumb","itemListElement":[{"@type":"ListItem","position":1,"name":"Home","item":"https:\/\/eta-uk.uk\/de\/uk-eta\/"},{"@type":"ListItem","position":2,"name":"UK ETA"}]},{"@type":"WebSite","@id":"https:\/\/eta-uk.uk\/de\/#website","url":"https:\/\/eta-uk.uk\/de\/","name":"ETA-UK.uk","description":"","potentialAction":[{"@type":"SearchAction","target":{"@type":"EntryPoint","urlTemplate":"https:\/\/eta-uk.uk\/de\/?s={search_term_string}"},"query-input":{"@type":"PropertyValueSpecification","valueRequired":true,"valueName":"search_term_string"}}],"inLanguage":"de"}]}},"_links":{"self":[{"href":"https:\/\/eta-uk.uk\/de\/wp-json\/wp\/v2\/pages\/2997","targetHints":{"allow":["GET"]}}],"collection":[{"href":"https:\/\/eta-uk.uk\/de\/wp-json\/wp\/v2\/pages"}],"about":[{"href":"https:\/\/eta-uk.uk\/de\/wp-json\/wp\/v2\/types\/page"}],"author":[{"embeddable":true,"href":"https:\/\/eta-uk.uk\/de\/wp-json\/wp\/v2\/users\/2"}],"replies":[{"embeddable":true,"href":"https:\/\/eta-uk.uk\/de\/wp-json\/wp\/v2\/comments?post=2997"}],"version-history":[{"count":3,"href":"https:\/\/eta-uk.uk\/de\/wp-json\/wp\/v2\/pages\/2997\/revisions"}],"predecessor-version":[{"id":3223,"href":"https:\/\/eta-uk.uk\/de\/wp-json\/wp\/v2\/pages\/2997\/revisions\/3223"}],"wp:attachment":[{"href":"https:\/\/eta-uk.uk\/de\/wp-json\/wp\/v2\/media?parent=2997"}],"curies":[{"name":"wp","href":"https:\/\/api.w.org\/{rel}","templated":true}]}}